{"id":112,"date":"2024-05-28T11:37:05","date_gmt":"2024-05-28T11:37:05","guid":{"rendered":"https:\/\/pood.padelplus.ee\/shop\/"},"modified":"2024-07-04T11:48:48","modified_gmt":"2024-07-04T11:48:48","slug":"shop","status":"publish","type":"page","link":"https:\/\/pood.padelplus.ee\/en\/","title":{"rendered":"Shop"},"content":{"rendered":"\n\n\n\n<!-- hero_block -->\n<div class=\"hero_block alignfull\">\n<div id=\"hero-block_d31fd243a3fdd0245d986912aad83792\" class=\"wrapper\">\n    <h1>OLE VALMIS M\u00c4NGUKS<\/h1>    <p>Meie valikus on k\u00f5ik, mida vajad edukaks m\u00e4nguks &#8211; stiilsed ja funktsionaalsed padelispordi r\u00f5ivad, mis kannavad PADEL+ logo.<\/p>\n            <div class=\"wp-block-buttons is-layout-flex wp-block-buttons-is-layout-flex\">\n            <div class=\"wp-block-button\"><a href=\"#padelplus-roivad\" target=\"\" class=\"wp-block-button__link wp-element-button\">TUTVU TOODETEGA<\/a><\/div>\n        <\/div>\n        <div class=\"video\">\n        <video width=\"100%\" preload=\"auto\" muted=\"0\" loop=\"0\" autoplay=\"0\" playsinline>\n            <source src=\"https:\/\/pood.padelplus.ee\/wp-content\/uploads\/2024\/06\/hero.mp4\" type=\"video\/mp4\">\n        <\/video>\n    <\/div><\/div>\n<!-- \/hero_block -->\n\n<div class=\"logo_list_wrap\">\n    <div class=\"wrapper\">\n        <ul class=\"logo_list\">\n                    <li><img loading=\"lazy\" width=\"141\" height=\"30\" srcset=\"https:\/\/pood.padelplus.ee\/wp-content\/uploads\/2024\/06\/logo_img.png\" alt=\"\" \/><\/li>\n                    <li><img loading=\"lazy\" width=\"138\" height=\"29\" srcset=\"https:\/\/pood.padelplus.ee\/wp-content\/uploads\/2024\/06\/logo_img2.png\" alt=\"\" \/><\/li>\n                    <li><img loading=\"lazy\" width=\"131\" height=\"21\" srcset=\"https:\/\/pood.padelplus.ee\/wp-content\/uploads\/2024\/06\/logo_img3.png\" alt=\"\" \/><\/li>\n                    <li><img loading=\"lazy\" width=\"131\" height=\"47\" srcset=\"https:\/\/pood.padelplus.ee\/wp-content\/uploads\/2024\/06\/logo_img4.png\" alt=\"\" \/><\/li>\n                    <li><img loading=\"lazy\" width=\"136\" height=\"29\" srcset=\"https:\/\/pood.padelplus.ee\/wp-content\/uploads\/2024\/06\/logo_img5.png\" alt=\"\" \/><\/li>\n                    <li><img loading=\"lazy\" width=\"59\" height=\"75\" srcset=\"https:\/\/pood.padelplus.ee\/wp-content\/uploads\/2024\/06\/logo_img6.png\" alt=\"\" \/><\/li>\n                <\/ul>\n    <\/div>\n<\/div>\n\n<\/div>\n\n\n<h2 class=\"wp-block-heading\" id=\"padelplus-roivad\">PADEL+ R\u00d5IVAD<\/h2>\n\n\n\n<p>Padel+ treeningutel osaleb igan\u00e4dalaselt ligi 100 last ja paarsada t\u00e4iskasvanut. Koost\u00f6\u00f6s Nike\u2019ga on igal Padel+ m\u00e4ngijal v\u00f5imalus tellida soodustingimustel logotatud kvaliteetseid treening- ja v\u00f5istlusr\u00f5ivaid. <strong>Padel+ vormir\u00f5ivad aitavad tekitada veelgi suuremat \u00fchtekuuluvustunnet ning mugav riietus tagab parima tunde v\u00e4ljakul.<\/strong><\/p>\n","protected":false},"excerpt":{"rendered":"<p>PADEL+ R\u00d5IVAD Padel+ treeningutel osaleb igan\u00e4dalaselt ligi 100 last ja paarsada t\u00e4iskasvanut. Koost\u00f6\u00f6s Nike\u2019ga on igal Padel+ m\u00e4ngijal v\u00f5imalus tellida soodustingimustel logotatud kvaliteetseid treening- ja v\u00f5istlusr\u00f5ivaid. Padel+ vormir\u00f5ivad aitavad tekitada veelgi suuremat \u00fchtekuuluvustunnet ning mugav riietus tagab parima tunde v\u00e4ljakul.<\/p>\n","protected":false},"author":1,"featured_media":0,"parent":0,"menu_order":0,"comment_status":"closed","ping_status":"closed","template":"","meta":{"_acf_changed":false,"footnotes":""},"class_list":["post-112","page","type-page","status-publish","hentry"],"acf":[],"_links":{"self":[{"href":"https:\/\/pood.padelplus.ee\/en\/wp-json\/wp\/v2\/pages\/112","targetHints":{"allow":["GET"]}}],"collection":[{"href":"https:\/\/pood.padelplus.ee\/en\/wp-json\/wp\/v2\/pages"}],"about":[{"href":"https:\/\/pood.padelplus.ee\/en\/wp-json\/wp\/v2\/types\/page"}],"author":[{"embeddable":true,"href":"https:\/\/pood.padelplus.ee\/en\/wp-json\/wp\/v2\/users\/1"}],"replies":[{"embeddable":true,"href":"https:\/\/pood.padelplus.ee\/en\/wp-json\/wp\/v2\/comments?post=112"}],"version-history":[{"count":0,"href":"https:\/\/pood.padelplus.ee\/en\/wp-json\/wp\/v2\/pages\/112\/revisions"}],"wp:attachment":[{"href":"https:\/\/pood.padelplus.ee\/en\/wp-json\/wp\/v2\/media?parent=112"}],"curies":[{"name":"wp","href":"https:\/\/api.w.org\/{rel}","templated":true}]}}